{"id":32,"date":"2023-04-03T18:17:47","date_gmt":"2023-04-03T18:17:47","guid":{"rendered":"https:\/\/www.eai.cl\/?page_id=32"},"modified":"2024-07-29T15:17:11","modified_gmt":"2024-07-29T15:17:11","slug":"about-us","status":"publish","type":"page","link":"https:\/\/www.eai.cl\/en\/about-us\/","title":{"rendered":"About Us"},"content":{"rendered":"<section class=\"l-section wpb_row height_medium\"><div class=\"l-section-h i-cf\"><div class=\"g-cols vc_row via_grid cols_1 laptops-cols_inherit tablets-cols_inherit mobiles-cols_1 valign_top type_default stacking_default\"><div class=\"wpb_column vc_column_container\"><div class=\"vc_column-inner\"><div class=\"wpb_text_column\"><div class=\"wpb_wrapper\"><h3><strong>Our Story<br \/>\n<\/strong><\/h3>\n<\/div><\/div><div class=\"w-separator size_medium\"><\/div><div class=\"g-cols wpb_row via_grid cols_2 laptops-cols_inherit tablets-cols_inherit mobiles-cols_1 valign_top type_default stacking_default\"><div class=\"wpb_column vc_column_container\"><div class=\"vc_column-inner\"><div class=\"wpb_text_column\"><div class=\"wpb_wrapper\"><p style=\"text-align: justify;\">Err\u00e1zuriz &amp; Asociados was <span style=\"color: #000000;\">established<\/span> in 1968 as a company specialized in mining, earthworks, civil works and housing construction. Over time, we have expanded our activities to include the development of energy, water and infrastructure projects, which has led us to work with foreign suppliers, representing them both in Chile and Latin America.<\/p>\n<p style=\"text-align: justify;\">Currently, we have a team of highly qualified professionals and strategic alliances that allow us to satisfy a wide range of needs in diverse areas, such as Energy, Water, Mining &amp; Handling, Infrastructure, Transportation and Industry.<\/p>\n<p style=\"text-align: justify;\">With a forward-looking vision, we strive to be a benchmark in sustainable development and the implementation of cutting-edge solutions and technologies. Our goal is to continue growing and expanding our capabilities to remain a reliable partner in the progress and development of the region.<\/p>\n<\/div><\/div><\/div><\/div><div class=\"wpb_column vc_column_container\"><div class=\"vc_column-inner\"><div class=\"w-image align_center\"><div class=\"w-image-h\"><img loading=\"lazy\" decoding=\"async\" width=\"553\" height=\"491\" src=\"https:\/\/www.eai.cl\/wp-content\/uploads\/2023\/06\/nosotros-f.png\" class=\"attachment-full size-full\" alt=\"\" srcset=\"https:\/\/www.eai.cl\/wp-content\/uploads\/2023\/06\/nosotros-f.png 553w, https:\/\/www.eai.cl\/wp-content\/uploads\/2023\/06\/nosotros-f-300x266.png 300w\" sizes=\"auto, (max-width: 553px) 100vw, 553px\" \/><\/div><\/div><\/div><\/div><\/div><div class=\"w-separator size_large\"><\/div><div class=\"wpb_text_column\"><div class=\"wpb_wrapper\"><h3 style=\"text-align: center;\"><strong>Executives<\/strong><\/h3>\n<\/div><\/div><div class=\"w-separator size_medium\"><\/div><div class=\"g-cols wpb_row experiencia via_grid cols_4 laptops-cols_inherit tablets-cols_inherit mobiles-cols_1 valign_top type_default stacking_default\"><div class=\"wpb_column vc_column_container\"><div class=\"vc_column-inner\"><div class=\"ult-new-ib ult-ib-effect-style1  ult-ib-resp  \" data-min-width=\"768\" data-max-width=\"900\" style=\"background:#0a0a0a;\" data-opacity=\"1\" data-hover-opacity=\"0.5\" ><img decoding=\"async\" class=\"ult-new-ib-img\" style=\"opacity:1;\" alt=\"null\" src=\"https:\/\/www.eai.cl\/wp-content\/uploads\/2024\/07\/A.jpg\"   \/><div id=\"interactive-banner-wrap-3659\" class=\"ult-new-ib-desc\" style=\"\"><h2 class=\"ult-new-ib-title ult-responsive\"  data-ultimate-target='#interactive-banner-wrap-3659 .ult-new-ib-title'  data-responsive-json-new='{\"font-size\":\"\",\"line-height\":\"\"}'  style=\"font-weight:normal;\"><\/h2><div class=\"ult-new-ib-content ult-responsive\"  data-ultimate-target='#interactive-banner-wrap-3659 .ult-new-ib-content'  data-responsive-json-new='{\"font-size\":\"\",\"line-height\":\"\"}'  style=\"font-weight:normal;\"><p>Studied Economics at the Pontificia Universidad Cat\u00f3lica de Chile, and holds a Master of Science degree in Environment and Sustainable Development from the London School of Economics, UK.<br \/>\nfrom the London School of Economics, United Kingdom, and is a Chevenning Fellow of the British Government. Professionally he has worked in the areas of Energy, Water and Environment. Since 2009 he chairs the Sustainability Committee of the British-Chilean Chamber of Commerce and is a member of the Executive Committee of the Corporate Leaders Group for Climate Change Chile (CLG Chile).<\/p><\/div><\/div><\/div><div class=\"w-separator size_small\"><\/div><div class=\"wpb_text_column\"><div class=\"wpb_wrapper\"><p style=\"text-align: center;\"><strong>Arturo Err\u00e1zuriz Dom\u00ednguez<\/strong><\/p>\n<\/div><\/div><div class=\"wpb_text_column\"><div class=\"wpb_wrapper\"><p style=\"text-align: center;\"><strong>Partner &#8211; CEO<\/strong><\/p>\n<\/div><\/div><\/div><\/div><div class=\"wpb_column vc_column_container\"><div class=\"vc_column-inner\"><div class=\"ult-new-ib ult-ib-effect-style1  ult-ib-resp  \" data-min-width=\"768\" data-max-width=\"900\" style=\"background:#0a0a0a;\" data-opacity=\"1\" data-hover-opacity=\"0.5\" ><img decoding=\"async\" class=\"ult-new-ib-img\" style=\"opacity:1;\" alt=\"null\" src=\"https:\/\/www.eai.cl\/wp-content\/uploads\/2024\/07\/R.jpg\"   \/><div id=\"interactive-banner-wrap-2624\" class=\"ult-new-ib-desc\" style=\"\"><h2 class=\"ult-new-ib-title ult-responsive\"  data-ultimate-target='#interactive-banner-wrap-2624 .ult-new-ib-title'  data-responsive-json-new='{\"font-size\":\"\",\"line-height\":\"\"}'  style=\"font-weight:normal;\"><\/h2><div class=\"ult-new-ib-content ult-responsive\"  data-ultimate-target='#interactive-banner-wrap-2624 .ult-new-ib-content'  data-responsive-json-new='{\"font-size\":\"\",\"line-height\":\"\"}'  style=\"font-weight:normal;\"><p>Industrial Civil Engineer from Pontificia Universidad Cat\u00f3lica de Chile and MBA from Universidad Adolfo Ib\u00e1\u00f1ez. He is in charge of the commercial area of E&amp;A, in the sale of equipment and turnkey projects. He works identifying new projects in the energy, mining and infrastructure markets, for the sale of equipment and services that we offer with E&amp;A's representations and partners.<\/p><\/div><\/div><\/div><div class=\"w-separator size_small\"><\/div><div class=\"wpb_text_column\"><div class=\"wpb_wrapper\"><p style=\"text-align: center;\"><strong>Rodrigo Mora Diez<\/strong><\/p>\n<\/div><\/div><div class=\"wpb_text_column\"><div class=\"wpb_wrapper\"><p style=\"text-align: center;\"><strong>Partner &#8211; Commercial Manager<br \/>\n<\/strong><\/p>\n<\/div><\/div><\/div><\/div><div class=\"wpb_column vc_column_container\"><div class=\"vc_column-inner\"><div class=\"ult-new-ib ult-ib-effect-style1  ult-ib-resp  \" data-min-width=\"768\" data-max-width=\"900\" style=\"background:#0a0a0a;\" data-opacity=\"1\" data-hover-opacity=\"0.5\" ><img decoding=\"async\" class=\"ult-new-ib-img\" style=\"opacity:1;\" alt=\"null\" src=\"https:\/\/www.eai.cl\/wp-content\/uploads\/2024\/07\/L.jpg\"   \/><div id=\"interactive-banner-wrap-7600\" class=\"ult-new-ib-desc\" style=\"\"><h2 class=\"ult-new-ib-title ult-responsive\"  data-ultimate-target='#interactive-banner-wrap-7600 .ult-new-ib-title'  data-responsive-json-new='{\"font-size\":\"\",\"line-height\":\"\"}'  style=\"font-weight:normal;\"><\/h2><div class=\"ult-new-ib-content ult-responsive\"  data-ultimate-target='#interactive-banner-wrap-7600 .ult-new-ib-content'  data-responsive-json-new='{\"font-size\":\"\",\"line-height\":\"\"}'  style=\"font-weight:normal;\"><p>Biochemical Civil Engineer from the Pontificia Universidad Cat\u00f3lica de Valpara\u00edso, and a member of the Master in Energy Efficiency and Clean Development Mechanisms at the same university. Specialist in carbon emission reduction projects, with more than 15 years of professional experience in issues related to sustainability with emphasis on energy, water and waste.<\/p><\/div><\/div><\/div><div class=\"w-separator size_small\"><\/div><div class=\"wpb_text_column\"><div class=\"wpb_wrapper\"><p style=\"text-align: center;\"><strong>Laura Landeta Reyes<\/strong><\/p>\n<\/div><\/div><div class=\"wpb_text_column\"><div class=\"wpb_wrapper\"><p style=\"text-align: center;\"><strong>Business Development Manager<\/strong><\/p>\n<\/div><\/div><\/div><\/div><div class=\"wpb_column vc_column_container\"><div class=\"vc_column-inner\"><div class=\"ult-new-ib ult-ib-effect-style1  ult-ib-resp  \" data-min-width=\"768\" data-max-width=\"900\" style=\"background:#0a0a0a;\" data-opacity=\"1\" data-hover-opacity=\"0.5\" ><img decoding=\"async\" class=\"ult-new-ib-img\" style=\"opacity:1;\" alt=\"null\" src=\"https:\/\/www.eai.cl\/wp-content\/uploads\/2024\/07\/PI.jpg\"   \/><div id=\"interactive-banner-wrap-7080\" class=\"ult-new-ib-desc\" style=\"\"><h2 class=\"ult-new-ib-title ult-responsive\"  data-ultimate-target='#interactive-banner-wrap-7080 .ult-new-ib-title'  data-responsive-json-new='{\"font-size\":\"\",\"line-height\":\"\"}'  style=\"font-weight:normal;\"><\/h2><div class=\"ult-new-ib-content ult-responsive\"  data-ultimate-target='#interactive-banner-wrap-7080 .ult-new-ib-content'  data-responsive-json-new='{\"font-size\":\"\",\"line-height\":\"\"}'  style=\"font-weight:normal;\"><p>Public Accountant and Auditor from Universidad Diego Portales, with a Master in Tax Planning and Management from Universidad de Santiago de Chile (USACH), she has more than 20 years of work experience being in charge of the administration and finance area.<\/p><\/div><\/div><\/div><div class=\"w-separator size_small\"><\/div><div class=\"wpb_text_column\"><div class=\"wpb_wrapper\"><p style=\"text-align: center;\"><strong>Pilar Guti\u00e9rrez Mart\u00ednez<\/strong><\/p>\n<\/div><\/div><div class=\"wpb_text_column\"><div class=\"wpb_wrapper\"><p style=\"text-align: center;\"><strong>Administration Manager<\/strong><\/p>\n<\/div><\/div><\/div><\/div><\/div><div class=\"w-separator size_medium\"><\/div><div class=\"g-cols wpb_row experiencia via_grid cols_4 laptops-cols_inherit tablets-cols_inherit mobiles-cols_1 valign_top type_default stacking_default\"><div class=\"wpb_column vc_column_container\"><div class=\"vc_column-inner\"><div class=\"ult-new-ib ult-ib-effect-style1  ult-ib-resp  \" data-min-width=\"768\" data-max-width=\"900\" style=\"background:#0a0a0a;\" data-opacity=\"1\" data-hover-opacity=\"0.5\" ><img decoding=\"async\" class=\"ult-new-ib-img\" style=\"opacity:1;\" alt=\"null\" src=\"https:\/\/www.eai.cl\/wp-content\/uploads\/2024\/07\/mc-2.jpg\"   \/><div id=\"interactive-banner-wrap-9841\" class=\"ult-new-ib-desc\" style=\"\"><h2 class=\"ult-new-ib-title ult-responsive\"  data-ultimate-target='#interactive-banner-wrap-9841 .ult-new-ib-title'  data-responsive-json-new='{\"font-size\":\"\",\"line-height\":\"\"}'  style=\"font-weight:normal;\"><\/h2><div class=\"ult-new-ib-content ult-responsive\"  data-ultimate-target='#interactive-banner-wrap-9841 .ult-new-ib-content'  data-responsive-json-new='{\"font-size\":\"\",\"line-height\":\"\"}'  style=\"font-weight:normal;\"><p>Navy Officer and Mechanical Engineer with extensive experience in business development for energy and infrastructure projects throughout Latin America, his professional background points to naval operations, equipment manufacturing and engineering suppliers. Based in S\u00e3o Paulo, Brazil, supporting continuously in this country and potentially others as needed.<\/p><\/div><\/div><\/div><div class=\"w-separator size_small\"><\/div><div class=\"wpb_text_column\"><div class=\"wpb_wrapper\"><p style=\"text-align: center;\"><strong>Marcos David Cohen<br \/>\n<\/strong><\/p>\n<\/div><\/div><div class=\"wpb_text_column\"><div class=\"wpb_wrapper\"><p style=\"text-align: center;\"><strong>Country Manager Brazil<br \/>\n<\/strong><\/p>\n<\/div><\/div><\/div><\/div><div class=\"wpb_column vc_column_container\"><div class=\"vc_column-inner\"><div class=\"ult-new-ib ult-ib-effect-style1  ult-ib-resp  \" data-min-width=\"768\" data-max-width=\"900\" style=\"background:#0a0a0a;\" data-opacity=\"1\" data-hover-opacity=\"0.5\" ><img decoding=\"async\" class=\"ult-new-ib-img\" style=\"opacity:1;\" alt=\"null\" src=\"https:\/\/www.eai.cl\/wp-content\/uploads\/2024\/07\/J.jpg\"   \/><div id=\"interactive-banner-wrap-2396\" class=\"ult-new-ib-desc\" style=\"\"><h2 class=\"ult-new-ib-title ult-responsive\"  data-ultimate-target='#interactive-banner-wrap-2396 .ult-new-ib-title'  data-responsive-json-new='{\"font-size\":\"\",\"line-height\":\"\"}'  style=\"font-weight:normal;\"><\/h2><div class=\"ult-new-ib-content ult-responsive\"  data-ultimate-target='#interactive-banner-wrap-2396 .ult-new-ib-content'  data-responsive-json-new='{\"font-size\":\"\",\"line-height\":\"\"}'  style=\"font-weight:normal;\"><p>Civil Hydraulic Engineer from the Pontificia Universidad Cat\u00f3lica de Chile and Geological Engineer (MSc) from the University of Portsmouth, UK. He has vast experience in execution, coordination and control of engineering, geological and infrastructure projects. He has participated in the evaluation and technical and economic development of a number of infrastructure projects and power generation plants with various technologies.<\/p><\/div><\/div><\/div><div class=\"w-separator size_small\"><\/div><div class=\"wpb_text_column\"><div class=\"wpb_wrapper\"><p style=\"text-align: center;\"><strong>Jos\u00e9 Antonio Mujica<\/strong><\/p>\n<\/div><\/div><div class=\"wpb_text_column\"><div class=\"wpb_wrapper\"><p style=\"text-align: center;\"><strong>Partner &#8211; E&amp;A Ingenieros<\/strong><\/p>\n<\/div><\/div><\/div><\/div><div class=\"wpb_column vc_column_container\"><div class=\"vc_column-inner\"><div class=\"ult-new-ib ult-ib-effect-style1  ult-ib-resp  \" data-min-width=\"768\" data-max-width=\"900\" style=\"background:#0a0a0a;\" data-opacity=\"1\" data-hover-opacity=\"0.5\" ><img decoding=\"async\" class=\"ult-new-ib-img\" style=\"opacity:1;\" alt=\"null\" src=\"https:\/\/www.eai.cl\/wp-content\/uploads\/2024\/07\/S.jpg\"   \/><div id=\"interactive-banner-wrap-8229\" class=\"ult-new-ib-desc\" style=\"\"><h2 class=\"ult-new-ib-title ult-responsive\"  data-ultimate-target='#interactive-banner-wrap-8229 .ult-new-ib-title'  data-responsive-json-new='{\"font-size\":\"\",\"line-height\":\"\"}'  style=\"font-weight:normal;\"><\/h2><div class=\"ult-new-ib-content ult-responsive\"  data-ultimate-target='#interactive-banner-wrap-8229 .ult-new-ib-content'  data-responsive-json-new='{\"font-size\":\"\",\"line-height\":\"\"}'  style=\"font-weight:normal;\"><p>Industrial Civil Engineer from the Pontificia Universidad Cat\u00f3lica de Chile. He develops the function of analyzing and coordinating the technical studies that we develop for our clients, in addition to providing specialized advice in complex cases, within our subsidiary E&amp;A Ingenieros.<br \/>\nSebastian has extensive experience in consulting for hydroelectric, solar and various other power generation projects, as well as electrical infrastructure, roads and mining processes.<\/p><\/div><\/div><\/div><div class=\"w-separator size_small\"><\/div><div class=\"wpb_text_column\"><div class=\"wpb_wrapper\"><p style=\"text-align: center;\"><strong>Sebasti\u00e1n D\u00e1vila Aravena<br \/>\n<\/strong><\/p>\n<\/div><\/div><div class=\"wpb_text_column\"><div class=\"wpb_wrapper\"><p style=\"text-align: center;\"><strong>Partner &#8211; E&amp;A Ingenieros<br \/>\n<\/strong><\/p>\n<\/div><\/div><\/div><\/div><div class=\"wpb_column vc_column_container\"><div class=\"vc_column-inner\"><div class=\"ult-new-ib ult-ib-effect-style1  ult-ib-resp  \" data-min-width=\"768\" data-max-width=\"900\" style=\"background:#0a0a0a;\" data-opacity=\"1\" data-hover-opacity=\"0.5\" ><img decoding=\"async\" class=\"ult-new-ib-img\" style=\"opacity:1;\" alt=\"null\" src=\"https:\/\/www.eai.cl\/wp-content\/uploads\/2024\/07\/P.jpg\"   \/><div id=\"interactive-banner-wrap-1232\" class=\"ult-new-ib-desc\" style=\"\"><h2 class=\"ult-new-ib-title ult-responsive\"  data-ultimate-target='#interactive-banner-wrap-1232 .ult-new-ib-title'  data-responsive-json-new='{\"font-size\":\"\",\"line-height\":\"\"}'  style=\"font-weight:normal;\"><\/h2><div class=\"ult-new-ib-content ult-responsive\"  data-ultimate-target='#interactive-banner-wrap-1232 .ult-new-ib-content'  data-responsive-json-new='{\"font-size\":\"\",\"line-height\":\"\"}'  style=\"font-weight:normal;\"><p>Civil Engineer from the Pontificia Universidad Cat\u00f3lica de Chile. In 1971 he founded a company to import goods and equipment to Chile. In 1981 he decided to focus on energy and infrastructure projects, founding Err\u00e1zuriz y Asociados.<\/p><\/div><\/div><\/div><div class=\"w-separator size_small\"><\/div><div class=\"wpb_text_column\"><div class=\"wpb_wrapper\"><p style=\"text-align: center;\"><strong>Pedro Pablo Err\u00e1zuriz Ossa<br \/>\n<\/strong><\/p>\n<\/div><\/div><div class=\"wpb_text_column\"><div class=\"wpb_wrapper\"><p style=\"text-align: center;\"><strong>Founder<br \/>\n<\/strong><\/p>\n<\/div><\/div><\/div><\/div><\/div><div class=\"w-separator size_large with_line width_default thick_1 style_solid color_primary align_center\" id=\"p989\"><style>@media(max-width:1024px){ #p989{height:20px!important}}@media(max-width:600px){ #p989{height:20px!important}}<\/style><div class=\"w-separator-h\"><\/div><\/div><div class=\"wpb_text_column\"><div class=\"wpb_wrapper\"><h3 style=\"text-align: center;\"><strong>Subsidiaries<\/strong><\/h3>\n<\/div><\/div><div class=\"g-cols wpb_row via_grid cols_4 laptops-cols_inherit tablets-cols_inherit mobiles-cols_1 valign_top type_default stacking_default\"><div class=\"wpb_column vc_column_container\"><div class=\"vc_column-inner\"><div class=\"w-image align_center\"><a target=\"_blank\" href=\"https:\/\/www.denergy.cl\/\" rel=\"noopener\" aria-label=\"Link\" class=\"w-image-h\"><img loading=\"lazy\" decoding=\"async\" width=\"600\" height=\"600\" src=\"https:\/\/www.eai.cl\/wp-content\/uploads\/2024\/07\/denergy.jpg\" class=\"attachment-full size-full\" alt=\"\" srcset=\"https:\/\/www.eai.cl\/wp-content\/uploads\/2024\/07\/denergy.jpg 600w, https:\/\/www.eai.cl\/wp-content\/uploads\/2024\/07\/denergy-300x300.jpg 300w, https:\/\/www.eai.cl\/wp-content\/uploads\/2024\/07\/denergy-150x150.jpg 150w\" sizes=\"auto, (max-width: 600px) 100vw, 600px\" \/><\/a><\/div><\/div><\/div><div class=\"wpb_column vc_column_container\"><div class=\"vc_column-inner\"><div class=\"w-image align_center\"><a target=\"_blank\" href=\"http:\/\/www.eai.cl\/ingenieros\/\" rel=\"noopener\" aria-label=\"Link\" class=\"w-image-h\"><img loading=\"lazy\" decoding=\"async\" width=\"600\" height=\"600\" src=\"https:\/\/www.eai.cl\/wp-content\/uploads\/2023\/09\/eaingenieros.jpg\" class=\"attachment-full size-full\" alt=\"\" srcset=\"https:\/\/www.eai.cl\/wp-content\/uploads\/2023\/09\/eaingenieros.jpg 600w, https:\/\/www.eai.cl\/wp-content\/uploads\/2023\/09\/eaingenieros-300x300.jpg 300w, https:\/\/www.eai.cl\/wp-content\/uploads\/2023\/09\/eaingenieros-150x150.jpg 150w\" sizes=\"auto, (max-width: 600px) 100vw, 600px\" \/><\/a><\/div><\/div><\/div><div class=\"wpb_column vc_column_container\"><div class=\"vc_column-inner\"><div class=\"w-image align_center\"><a target=\"_blank\" href=\"https:\/\/www.easer.cl\/\" rel=\"noopener\" aria-label=\"Link\" class=\"w-image-h\"><img loading=\"lazy\" decoding=\"async\" width=\"600\" height=\"600\" src=\"https:\/\/www.eai.cl\/wp-content\/uploads\/2024\/07\/easer.jpg\" class=\"attachment-full size-full\" alt=\"\" srcset=\"https:\/\/www.eai.cl\/wp-content\/uploads\/2024\/07\/easer.jpg 600w, https:\/\/www.eai.cl\/wp-content\/uploads\/2024\/07\/easer-300x300.jpg 300w, https:\/\/www.eai.cl\/wp-content\/uploads\/2024\/07\/easer-150x150.jpg 150w\" sizes=\"auto, (max-width: 600px) 100vw, 600px\" \/><\/a><\/div><\/div><\/div><div class=\"wpb_column vc_column_container\"><div class=\"vc_column-inner\"><div class=\"w-image align_center\"><a target=\"_blank\" href=\"http:\/\/www.gecop.cl\/\" rel=\"noopener\" aria-label=\"Link\" class=\"w-image-h\"><img loading=\"lazy\" decoding=\"async\" width=\"600\" height=\"600\" src=\"https:\/\/www.eai.cl\/wp-content\/uploads\/2024\/07\/gecop.jpg\" class=\"attachment-full size-full\" alt=\"\" srcset=\"https:\/\/www.eai.cl\/wp-content\/uploads\/2024\/07\/gecop.jpg 600w, https:\/\/www.eai.cl\/wp-content\/uploads\/2024\/07\/gecop-300x300.jpg 300w, https:\/\/www.eai.cl\/wp-content\/uploads\/2024\/07\/gecop-150x150.jpg 150w\" sizes=\"auto, (max-width: 600px) 100vw, 600px\" \/><\/a><\/div><\/div><\/div><\/div><\/div><\/div><\/div><\/div><\/section>\n","protected":false},"excerpt":{"rendered":"Our Story Err\u00e1zuriz &amp; Asociados was established in 1968 as a company specialized in mining, earthworks, civil works and housing construction. Over time, we have expanded our activities to include the development of energy, water and infrastructure projects, which has led us to work with foreign suppliers, representing them both in Chile and Latin America....","protected":false},"author":1,"featured_media":0,"parent":0,"menu_order":0,"comment_status":"closed","ping_status":"closed","template":"","meta":{"footnotes":""},"class_list":["post-32","page","type-page","status-publish","hentry"],"_links":{"self":[{"href":"https:\/\/www.eai.cl\/en\/wp-json\/wp\/v2\/pages\/32","targetHints":{"allow":["GET"]}}],"collection":[{"href":"https:\/\/www.eai.cl\/en\/wp-json\/wp\/v2\/pages"}],"about":[{"href":"https:\/\/www.eai.cl\/en\/wp-json\/wp\/v2\/types\/page"}],"author":[{"embeddable":true,"href":"https:\/\/www.eai.cl\/en\/wp-json\/wp\/v2\/users\/1"}],"replies":[{"embeddable":true,"href":"https:\/\/www.eai.cl\/en\/wp-json\/wp\/v2\/comments?post=32"}],"version-history":[{"count":20,"href":"https:\/\/www.eai.cl\/en\/wp-json\/wp\/v2\/pages\/32\/revisions"}],"predecessor-version":[{"id":1015,"href":"https:\/\/www.eai.cl\/en\/wp-json\/wp\/v2\/pages\/32\/revisions\/1015"}],"wp:attachment":[{"href":"https:\/\/www.eai.cl\/en\/wp-json\/wp\/v2\/media?parent=32"}],"curies":[{"name":"wp","href":"https:\/\/api.w.org\/{rel}","templated":true}]}}